{"id":123,"date":"2019-11-02T02:32:13","date_gmt":"2019-11-02T02:32:13","guid":{"rendered":"https:\/\/demo.casethemes.net\/consultio-business\/?page_id=123"},"modified":"2025-03-18T16:40:48","modified_gmt":"2025-03-18T16:40:48","slug":"newsroom","status":"publish","type":"page","link":"https:\/\/www.premium-partners.net\/fr\/newsroom\/","title":{"rendered":"Newsroom"},"content":{"rendered":"<div data-elementor-type=\"wp-page\" data-elementor-id=\"123\" class=\"elementor elementor-123\">\n\t\t\t\t        <section class=\"elementor-section elementor-top-section elementor-element elementor-element-4f12f44b elementor-section-content-middle elementor-section-boxed elementor-section-height-default elementor-section-height-default ct-header-fixed-none ct-row-max-none\" data-id=\"4f12f44b\" data-element_type=\"section\">\n            \n                        <div class=\"elementor-container elementor-column-gap-extended\">\n                    <div class=\"elementor-column elementor-col-100 elementor-top-column elementor-element elementor-element-607e712a\" data-id=\"607e712a\" data-element_type=\"column\">\n        <div class=\"elementor-widget-wrap elementor-element-populated\">\n                    \n        \t\t<div class=\"elementor-element elementor-element-33eb12a5 elementor-widget elementor-widget-ct_heading\" data-id=\"33eb12a5\" data-element_type=\"widget\" data-widget_type=\"ct_heading.default\">\n\t\t\t\t<div class=\"elementor-widget-container\">\n\t\t\t<div id=\"ct_heading-33eb12a5\" class=\"ct-heading h-align-center sub-style1 ct-heading-left item-st-default\">\r\n\t<div class=\"ct-inline-css\"  data-css=\"        \">\r\n    <\/div>\r\n        <h3 class=\"item--title st-default case-animate-time translation-block\" data-wow-delay=\"ms\"><span class=\"sp-main\">\n\nApprenez-en plus sur notre environnement gr\u00e2ce aux actualit\u00e9s\n\n<\/span><\/h3>\r\n<\/div>\t\t<\/div>\n\t\t\t\t<\/div>\n\t\t            <\/div>\n        <\/div>\n                    <\/div>\n        <\/section>\n                <section class=\"elementor-section elementor-top-section elementor-element elementor-element-984afbb elementor-section-boxed elementor-section-height-default elementor-section-height-default ct-header-fixed-none ct-row-max-none\" data-id=\"984afbb\" data-element_type=\"section\">\n            \n                        <div class=\"elementor-container elementor-column-gap-extended\">\n                    <div class=\"elementor-column elementor-col-100 elementor-top-column elementor-element elementor-element-baf5018\" data-id=\"baf5018\" data-element_type=\"column\">\n        <div class=\"elementor-widget-wrap elementor-element-populated\">\n                    \n        \t\t<div class=\"elementor-element elementor-element-a63ae74 elementor-widget elementor-widget-text-editor\" data-id=\"a63ae74\" data-element_type=\"widget\" data-widget_type=\"text-editor.default\">\n\t\t\t\t<div class=\"elementor-widget-container\">\n\t\t\t<style>\/*! elementor - v3.21.0 - 25-04-2024 *\/\n.elementor-widget-text-editor.elementor-drop-cap-view-stacked .elementor-drop-cap{background-color:#69727d;color:#fff}.elementor-widget-text-editor.elementor-drop-cap-view-framed .elementor-drop-cap{color:#69727d;border:3px solid;background-color:transparent}.elementor-widget-text-editor:not(.elementor-drop-cap-view-default) .elementor-drop-cap{margin-top:8px}.elementor-widget-text-editor:not(.elementor-drop-cap-view-default) .elementor-drop-cap-letter{width:1em;height:1em}.elementor-widget-text-editor .elementor-drop-cap{float:left;text-align:center;line-height:1;font-size:50px}.elementor-widget-text-editor .elementor-drop-cap-letter{display:inline-block}<\/style>\t\t\t\t<div class=\"wp-rss-template-container\" data-wpra-template=\"gridx3-6\" data-template-ctx=\"eyJ0ZW1wbGF0ZSI6ImdyaWR4My02IiwiaXRlbXMiOnt9fQ==\">\n    <div class=\"wp-rss-aggregator wpra-grid-template\" data-page=\"1\">\n    \n    <div class=\"wpra-item-grid rss-aggregator\">\n                        <div class=\"wpra-item feed-item  wpra-item--1of3\">\n            \n\n\n    \n\n<div\n    style=\"\"\n    class=\"wpra-grid-item wpra-grid-item--pull-last-item\"\n>\n    \n                <div class=\"wpra-grid-item__content\">\n                            \n    \n    \n        \n    <div\n        class=\"wpra-grid-item__item wpra-grid-item__image\"\n        style=\"background-image: url(https:\/\/www.premium-partners.net\/wp-content\/uploads\/2025\/12\/cropped-gravatar-F-bleu-32x32-1.png); height: 150px;\"\n        \n    >\n        <\/div>\n                            \n        <div class=\"wpra-grid-item__item wpra-grid-item__title\">\n        <a href=\"https:\/\/www.premium-partners.net\/fr\/?post_type=post&amp;p=267008\" target=\"_blank\"  class=\"\">Ecobank Centrafrique Propulse l\u2019\u00c9conomie de la RCA<\/a>\n        \n    <\/div>\n                                \n    <div class=\"wpra-grid-item__item wpra-grid-item__excerpt\">\n        \u00a9 Forbes Afrique Acteur cl\u00e9 du d\u00e9veloppement \u00e9conomique dans un pays en qu\u00eate de stabilit\u00e9 et de croissance durable, Ecobank&#8230;\n                    <a href=\"https:\/\/www.premium-partners.net\/fr\/?post_type=post&amp;p=267008\" target=\"_blank\"  class=\"\">Read more<\/a>\n            <\/div>\n                                    <div class=\"wpra-grid-item__item wpra-grid-item__information\">\n                    \n    <div class=\"feed-date\">\n        Published on: 03-12-2025\n    <\/div>\n                        <div class=\"feed-source\">\n        Source:\n        <a href=\"https:\/\/forbesafrique.com\/feed\/\" target=\"_blank\"  class=\"\">forbesafrique<\/a>\n    <\/div>\n                                <\/div>\n                    <\/div>\n    \n<\/div>\n\n        <\/div>\n                    <div class=\"wpra-item feed-item  wpra-item--1of3\">\n            \n\n\n    \n\n<div\n    style=\"\"\n    class=\"wpra-grid-item wpra-grid-item--pull-last-item\"\n>\n    \n                <div class=\"wpra-grid-item__content\">\n                            \n                            \n        <div class=\"wpra-grid-item__item wpra-grid-item__title\">\n        <a href=\"https:\/\/www.premium-partners.net\/fr\/?post_type=post&amp;p=267006\" target=\"_blank\"  class=\"\">Mohamed El Kettani, PDG du Groupe Attijariwafa Bank : \u00ab\u00a0Attijariwafa Bank Demeure le Premier Partenaire Financier des Entreprises Marocaines\u00a0\u00bb<\/a>\n        \n    <\/div>\n                                \n    <div class=\"wpra-grid-item__item wpra-grid-item__excerpt\">\n        \u00a9 Forbes Afrique Force domestique sur son principal march\u00e9, digitalisation acc\u00e9l\u00e9r\u00e9e, dynamique des m\u00e9tiers Corporate, consolidation du d\u00e9ploiement \u00e0 l\u2019international\u2026\u00a0Pour&#8230;\n                    <a href=\"https:\/\/www.premium-partners.net\/fr\/?post_type=post&amp;p=267006\" target=\"_blank\"  class=\"\">Read more<\/a>\n            <\/div>\n                                    <div class=\"wpra-grid-item__item wpra-grid-item__information\">\n                    \n    <div class=\"feed-date\">\n        Published on: 02-12-2025\n    <\/div>\n                        <div class=\"feed-source\">\n        Source:\n        <a href=\"https:\/\/forbesafrique.com\/feed\/\" target=\"_blank\"  class=\"\">forbesafrique<\/a>\n    <\/div>\n                                <\/div>\n                    <\/div>\n    \n<\/div>\n\n        <\/div>\n                    <div class=\"wpra-item feed-item  wpra-item--1of3\">\n            \n\n\n    \n\n<div\n    style=\"\"\n    class=\"wpra-grid-item wpra-grid-item--pull-last-item\"\n>\n    \n                <div class=\"wpra-grid-item__content\">\n                            \n    \n    \n        \n    <div\n        class=\"wpra-grid-item__item wpra-grid-item__image\"\n        style=\"background-image: url(https:\/\/www.premium-partners.net\/wp-content\/uploads\/2025\/12\/-1-200-20); height: 150px;\"\n        \n    >\n        <\/div>\n                            \n        <div class=\"wpra-grid-item__item wpra-grid-item__title\">\n        <a href=\"https:\/\/www.premium-partners.net\/fr\/?post_type=post&amp;p=266987\" target=\"_blank\"  class=\"\">A-G flags R2.3bn drain by water tankers as maintenance collapses across municipalities<\/a>\n        \n    <\/div>\n                                \n    <div class=\"wpra-grid-item__item wpra-grid-item__excerpt\">\n        More than 20% of South Africa&#039;s 257 municipalities spent around R2.32 billion\u00a0on water tankering services in the 2023\/24 financial year,&#8230;\n                    <a href=\"https:\/\/www.premium-partners.net\/fr\/?post_type=post&amp;p=266987\" target=\"_blank\"  class=\"\">Read more<\/a>\n            <\/div>\n                                    <div class=\"wpra-grid-item__item wpra-grid-item__information\">\n                    \n    <div class=\"feed-date\">\n        Published on: 02-12-2025\n    <\/div>\n                        <div class=\"feed-source\">\n        Source:\n        <a href=\"https:\/\/rss.iol.io\/extended\/iol\/business-report\" target=\"_blank\"  class=\"\">IOL (Independent Online)<\/a>\n    <\/div>\n                                <\/div>\n                    <\/div>\n    \n<\/div>\n\n        <\/div>\n                    <div class=\"wpra-item feed-item  wpra-item--1of3\">\n            \n\n\n    \n\n<div\n    style=\"\"\n    class=\"wpra-grid-item wpra-grid-item--pull-last-item\"\n>\n    \n                <div class=\"wpra-grid-item__content\">\n                            \n    \n    \n        \n    <div\n        class=\"wpra-grid-item__item wpra-grid-item__image\"\n        style=\"background-image: url(https:\/\/www.premium-partners.net\/wp-content\/uploads\/2025\/05\/-1-1-119-119); height: 150px;\"\n        \n    >\n        <\/div>\n                            \n        <div class=\"wpra-grid-item__item wpra-grid-item__title\">\n        <a href=\"https:\/\/www.premium-partners.net\/fr\/?post_type=post&amp;p=266990\" target=\"_blank\"  class=\"\">Tribunal approves Exxaro\u2019s acquisition of Ntsimbintle interests, subject to conditions<\/a>\n        \n    <\/div>\n                                \n    <div class=\"wpra-grid-item__item wpra-grid-item__excerpt\">\n        The Competition Tribunal has approved a major manganese-sector merger that will see ManganExx, a newly created subsidiary of Exxaro Resources,&#8230;\n                    <a href=\"https:\/\/www.premium-partners.net\/fr\/?post_type=post&amp;p=266990\" target=\"_blank\"  class=\"\">Read more<\/a>\n            <\/div>\n                                    <div class=\"wpra-grid-item__item wpra-grid-item__information\">\n                    \n    <div class=\"feed-date\">\n        Published on: 02-12-2025\n    <\/div>\n                        <div class=\"feed-source\">\n        Source:\n        <a href=\"https:\/\/rss.iol.io\/extended\/iol\/business-report\" target=\"_blank\"  class=\"\">IOL (Independent Online)<\/a>\n    <\/div>\n                                <\/div>\n                    <\/div>\n    \n<\/div>\n\n        <\/div>\n                    <div class=\"wpra-item feed-item  wpra-item--1of3\">\n            \n\n\n    \n\n<div\n    style=\"\"\n    class=\"wpra-grid-item wpra-grid-item--pull-last-item\"\n>\n    \n                <div class=\"wpra-grid-item__content\">\n                            \n    \n    \n        \n    <div\n        class=\"wpra-grid-item__item wpra-grid-item__image\"\n        style=\"background-image: url(https:\/\/www.premium-partners.net\/wp-content\/uploads\/2025\/04\/-1-970-97); height: 150px;\"\n        \n    >\n        <\/div>\n                            \n        <div class=\"wpra-grid-item__item wpra-grid-item__title\">\n        <a href=\"https:\/\/www.premium-partners.net\/fr\/?post_type=post&amp;p=266998\" target=\"_blank\"  class=\"\">South Africa&#8217;s GDP growth remains sluggish despite signs of recovery<\/a>\n        \n    <\/div>\n                                \n    <div class=\"wpra-grid-item__item wpra-grid-item__excerpt\">\n        South Africa\u2019s economy could still grow less than 1% this year despite optimism for a slight upsurge after gross domestic&#8230;\n                    <a href=\"https:\/\/www.premium-partners.net\/fr\/?post_type=post&amp;p=266998\" target=\"_blank\"  class=\"\">Read more<\/a>\n            <\/div>\n                                    <div class=\"wpra-grid-item__item wpra-grid-item__information\">\n                    \n    <div class=\"feed-date\">\n        Published on: 02-12-2025\n    <\/div>\n                        <div class=\"feed-source\">\n        Source:\n        <a href=\"https:\/\/rss.iol.io\/extended\/iol\/business-report\" target=\"_blank\"  class=\"\">IOL (Independent Online)<\/a>\n    <\/div>\n                                <\/div>\n                    <\/div>\n    \n<\/div>\n\n        <\/div>\n                    <div class=\"wpra-item feed-item  wpra-item--1of3\">\n            \n\n\n    \n\n<div\n    style=\"\"\n    class=\"wpra-grid-item wpra-grid-item--pull-last-item\"\n>\n    \n                <div class=\"wpra-grid-item__content\">\n                            \n    \n    \n        \n    <div\n        class=\"wpra-grid-item__item wpra-grid-item__image\"\n        style=\"background-image: url(https:\/\/www.premium-partners.net\/wp-content\/uploads\/2025\/07\/-1-350-35); height: 150px;\"\n        \n    >\n        <\/div>\n                            \n        <div class=\"wpra-grid-item__item wpra-grid-item__title\">\n        <a href=\"https:\/\/www.premium-partners.net\/fr\/?post_type=post&amp;p=267001\" target=\"_blank\"  class=\"\">SA chrome miners reject proposed export tax, blame industry collapse on electricity tariffs<\/a>\n        \n    <\/div>\n                                \n    <div class=\"wpra-grid-item__item wpra-grid-item__excerpt\">\n        South Africa\u2019s chrome mining sector has pushed back against government plans to impose a tax on chrome ore exports, arguing&#8230;\n                    <a href=\"https:\/\/www.premium-partners.net\/fr\/?post_type=post&amp;p=267001\" target=\"_blank\"  class=\"\">Read more<\/a>\n            <\/div>\n                                    <div class=\"wpra-grid-item__item wpra-grid-item__information\">\n                    \n    <div class=\"feed-date\">\n        Published on: 02-12-2025\n    <\/div>\n                        <div class=\"feed-source\">\n        Source:\n        <a href=\"https:\/\/rss.iol.io\/extended\/iol\/business-report\" target=\"_blank\"  class=\"\">IOL (Independent Online)<\/a>\n    <\/div>\n                                <\/div>\n                    <\/div>\n    \n<\/div>\n\n        <\/div>\n        <\/div>\n\n            <div class=\"nav-links\">\n            <div class=\"nav-previous alignleft\">\n            <a href=\"#\" data-wpra-shortcode=\"shortcode\" data-wpra-page=\"2\">\n                Older posts            <\/a>\n        <\/div>\n        <\/div>\n\n        \n<\/div>\n\n<\/div>\n\t\t\t\t\t\t<\/div>\n\t\t\t\t<\/div>\n\t\t            <\/div>\n        <\/div>\n                    <\/div>\n        <\/section>\n        \t\t<\/div>","protected":false},"excerpt":{"rendered":"<p class=\" translation-block\"><span class=\"sp-main\">\n\nApprenez-en plus sur notre environnement gr\u00e2ce aux actualit\u00e9s\n\n<\/span><\/p>","protected":false},"author":1,"featured_media":0,"parent":0,"menu_order":0,"comment_status":"closed","ping_status":"closed","template":"","meta":{"footnotes":""},"class_list":["post-123","page","type-page","status-publish","hentry"],"_links":{"self":[{"href":"https:\/\/www.premium-partners.net\/fr\/wp-json\/wp\/v2\/pages\/123","targetHints":{"allow":["GET"]}}],"collection":[{"href":"https:\/\/www.premium-partners.net\/fr\/wp-json\/wp\/v2\/pages"}],"about":[{"href":"https:\/\/www.premium-partners.net\/fr\/wp-json\/wp\/v2\/types\/page"}],"author":[{"embeddable":true,"href":"https:\/\/www.premium-partners.net\/fr\/wp-json\/wp\/v2\/users\/1"}],"replies":[{"embeddable":true,"href":"https:\/\/www.premium-partners.net\/fr\/wp-json\/wp\/v2\/comments?post=123"}],"version-history":[{"count":46,"href":"https:\/\/www.premium-partners.net\/fr\/wp-json\/wp\/v2\/pages\/123\/revisions"}],"predecessor-version":[{"id":13842,"href":"https:\/\/www.premium-partners.net\/fr\/wp-json\/wp\/v2\/pages\/123\/revisions\/13842"}],"wp:attachment":[{"href":"https:\/\/www.premium-partners.net\/fr\/wp-json\/wp\/v2\/media?parent=123"}],"curies":[{"name":"wp","href":"https:\/\/api.w.org\/{rel}","templated":true}]}}